{"id":11,"date":"2014-11-11T11:14:05","date_gmt":"2014-11-11T11:14:05","guid":{"rendered":"http:\/\/anpsthemes.com\/constructo\/?page_id=11"},"modified":"2025-01-28T16:41:25","modified_gmt":"2025-01-28T16:41:25","slug":"chi-siamo","status":"publish","type":"page","link":"https:\/\/www.geoasso.net\/studio_geologico_domodossola\/chi-siamo\/","title":{"rendered":"Chi siamo"},"content":{"rendered":"<div class=\"wpb-content-wrapper\"><p>[vc_row][vc_column width=&#8221;1\/2&#8243;][vc_single_image image=&#8221;665&#8243; img_size=&#8221;full&#8221; alignment=&#8221;center&#8221; style=&#8221;vc_box_shadow_3d&#8221;][\/vc_column][vc_column width=&#8221;1\/2&#8243;]<h2 class='heading-content  style-1' ><span>Storia<\/span><\/h2>[vc_separator][vc_empty_space height=&#8221;15px&#8221;][vc_column_text]Lo <strong>STUDIO GEOLOGICO ASSOCIATO BOSSALINI &amp; CATTIN<\/strong> \u00e8 stato costituito dal 1996 anche se i singoli professionisti esercitavano gi\u00e0 in precedenza la professione singolarmente.<br \/>\nLo studio \u00e8 cosi costituito:<\/p>\n<p><strong>BOSSALINI GERMANO, GEOLOGO<\/strong>, nato e residente a Domodossola, iscritto all&#8217;Ordine Regionale dei Geologi del Piemonte dal 21-06-1993 n\u00b0 264.<\/p>\n<p><strong>CATTIN MARCO, GEOLOGO<\/strong>, nato e residente a Domodossola, iscritto all&#8217;Ordine Regionale dei Geologi del Piemonte dal 30-11-92 n\u00b0 242.<\/p>\n<p><strong>BARGIGA ANNALISA<\/strong>, perito geominerario, esperto in cartografia e metodologie autocad.<\/p>\n<p>&nbsp;<\/p>\n<p class=\"p2\"><b>Collaborano<span class=\"Apple-converted-space\">\u00a0 <\/span>in maniera continuativa con lo Studio\u00a0<\/b><\/p>\n<p class=\"p2\"><strong>CATTIN GIACOMO, INGEGNERE<\/strong>, nato e residente a Domodossola, iscritto all&#8217;Ordine degli Ingeneri del VCO<span class=\"Apple-converted-space\">\u00a0 <\/span>al n\u00b0 A501<\/p>\n<p class=\"p1\"><strong>CATTIN FRANCESCO<\/strong><b>, <\/b><strong>Dott. In Architettura<\/strong>, nato a Domodossola, residente a Milano, esperto in tecnologie grafiche, fotoinserimenti, rendering, CAD, BIM<\/p>\n<p>&nbsp;<\/p>\n<p>L\u2019attivit\u00e0 dello studio vede la presenza di collaboratori geologi a supporto dei titolari nonch\u00e9 di agronomi, ingegneri, architetti, topografi in funzione delle tipologie di lavori svolti.<\/p>\n<p style=\"text-align: justify;\">Inoltre pur non disponendo di laboratorio con attrezzature necessarie ad effettuare prove per la caratterizzazione di terreni e rocce il nostro studio nelle progettazioni pi\u00f9 significative si avvale per le <strong><em>prove sui terreni<\/em><\/strong>\u00a0 <strong><em>e rocce<\/em><\/strong> di: Universit\u00e0 degli Studi di Milano, Dipartimento di Scienze della Terra, Sezione di Geotecnica e Geologia Applicata,\u00a0 Altair s.a.s. Geotecnica e Geomeccanica di Cinisello Balsamo (MI), Centro Servizi Lapideo di Crevoladossola (VB).<\/p>\n<p>[\/vc_column_text][vc_empty_space height=&#8221;40px&#8221;][\/vc_column][\/vc_row][vc_row][vc_column width=&#8221;2\/3&#8243;]<h2 class='heading-content  style-1' ><span>I geologi hanno ricoperto i seguenti incarichi significativi:<\/span><\/h2>[vc_separator][vc_empty_space height=&#8221;15px&#8221;][vc_column_text]<\/p>\n<ul>\n<li style=\"text-align: justify;\">incarico biennale presso l\u2019Amministrazione Provinciale del Verbano Cusio Ossola Assessorato Ambiente e Risorse Idriche Servizio Uso Acque per redazione istruttorie relative a derivazioni, attingimenti, pozzi per acqua;<\/li>\n<li style=\"text-align: justify;\">esperto nella Commissione Cave della Provincia del Verbano Cusio Ossola VII Settore Protezione Civile, Risorse Idriche, Assetto Idrogeologico e Attivit\u00e0 estrattiva per il quadriennio 2001-2004 e successivamente per il quinquennio 2005-2009<\/li>\n<li style=\"text-align: justify;\">componente della funzione tecnico scientifica nel COM Centro Operativo misto, istituito presso il Comune di Domodossola in occasione dell\u2019evento alluvionale Ottobre 2000<\/li>\n<li style=\"text-align: justify;\">responsabile della gestione e manutenzione del sistema di monitoraggio della frana di Campioli-Prequartera nel Comune di Ceppo Morelli dal novembre 2000 al 2010<\/li>\n<li style=\"text-align: justify;\">componente del OPR Osservatorio Provinciale Rifiuti presso la Provincia del Verbano Cusio Ossola come rappresentante dell\u2019Ordine Regionale dei Geologi e Confartigianato 2005-2008.<\/li>\n<li style=\"text-align: justify;\">componente Commissione Igienico Edilizia dei Comuni di Ceppo Morelli, Crevoladossola, Domodossola Vanzone con San Carlo, Villadossola;<\/li>\n<li style=\"text-align: justify;\">componente Commissione Locale Ambiente e Paesaggio del Comune di Bannio Anzino, Calasca Castiglione, Ceppo Morelli, Crodo, Formazza, Piedimulera, Pieve Vergonte, Vanzone con San Carlo<\/li>\n<li style=\"text-align: justify;\">Direttore tecnico ex D.M. 406\/98 per la categoria 5 \u201crifiuti pericolosi non recuperabili\u201d per ditta esercente attivit\u00e0 di recupero rifiuti<\/li>\n<\/ul>\n<p>[\/vc_column_text][vc_empty_space height=&#8221;40px&#8221;][\/vc_column][vc_column width=&#8221;1\/3&#8243;][vc_single_image image=&#8221;1485&#8243; img_size=&#8221;full&#8221; alignment=&#8221;center&#8221; style=&#8221;vc_box_shadow_3d&#8221;][\/vc_column][\/vc_row][vc_row][vc_column width=&#8221;1\/2&#8243;][vc_single_image image=&#8221;674&#8243; img_size=&#8221;full&#8221; alignment=&#8221;center&#8221; style=&#8221;vc_box_shadow_3d&#8221;][\/vc_column][vc_column width=&#8221;1\/2&#8243;]<h2 class='heading-content  style-1' ><span>Le attrezzature dello studio:<\/span><\/h2>[vc_separator][vc_empty_space height=&#8221;15px&#8221;][vc_column_text]<\/p>\n<ul>\n<li>sismografo a 12 canali unit\u00e0 DOLANG DBS 270 TK per indagini sismiche a rifrazione;<\/li>\n<li>sismografo EEG BR24 a 24 canali (per la determinazione della Vs30 secondo normativa OPCM3274\/03 con metodologia MASW e Re.Mi.);<\/li>\n<li>fonometro integratore di precisione classe 1, Svantek 959 (serial n.11242);<\/li>\n<li>calibratore Cel Instruments Ltd (CEL-284\/2);<\/li>\n<li>sonda multimetrica con sistema di lettura automatica delle prove di portata in pozzo con trasmettitore della pressione dei livelli ad alta ;precisione compensato digitalmente KELLER;<\/li>\n<li>Freatimetro BFK50;<br \/>\nmisuratore della resistivit\u00e0 dell\u2019acqua, pH, temperatura, TDS totale sali disciolti;<\/li>\n<li>attrezzatura per esecuzione di prove di carico su piastra adattabile anche a prove in pozzetto di sondaggio da effettuarsi con escavatore;<\/li>\n<li>attrezzatura per eseguire rilievo strutturale: bussola da geologo &#8211; martello di Schmidt &#8211; Shape Tracer;<\/li>\n<li>stereoscopio per osservazione di foto aeree.<\/li>\n<\/ul>\n<p>[\/vc_column_text][\/vc_column][\/vc_row][vc_row][vc_column][vc_empty_space][vc_separator][\/vc_column][\/vc_row][vc_row][vc_column][vc_custom_heading text=&#8221;TEAM&#8221; use_theme_fonts=&#8221;yes&#8221;][vc_empty_space][\/vc_column][\/vc_row][vc_row][vc_column width=&#8221;1\/5&#8243;][wdo_ult_team team_member_style=&#8221;style3&#8243; team_member_designation=&#8221;GEOLOGO&#8221; member_social_links=&#8221;%5B%7B%22social_icon_url%22%3A%22%23%22%2C%22selected_team_icon%22%3A%22fa%20fa-facebook-square%22%7D%5D&#8221; team_member_image=&#8221;1487&#8243; team_member_name=&#8221;Marco Cattin&#8221; demo=&#8221;&#8221;]<span style=\"font-family: arial, helvetica, sans-serif;\"><strong>Competenze:<\/strong>\u00a0geologia, geotecnica, idrogeologia, acustica, coordinamento e pubbliche relazioni<\/span>[\/wdo_ult_team][\/vc_column][vc_column width=&#8221;1\/5&#8243;][wdo_ult_team team_member_style=&#8221;style3&#8243; team_member_designation=&#8221;GEOLOGO&#8221; member_social_links=&#8221;%5B%7B%22social_icon_url%22%3A%22%23%22%2C%22selected_team_icon%22%3A%22fa%20fa-facebook-square%22%7D%5D&#8221; team_member_image=&#8221;1488&#8243; team_member_name=&#8221;GERMANOBOSSALINI&#8221; demo=&#8221;&#8221;]<span style=\"font-family: arial, helvetica, sans-serif;\"><strong>Competenze:<\/strong>\u00a0idrogeologia, idrologia, idraulica, acustica, geotecnica<\/span>[\/wdo_ult_team][\/vc_column][vc_column width=&#8221;1\/5&#8243;][wdo_ult_team team_member_style=&#8221;style3&#8243; team_member_designation=&#8221;INGEGNERE &#8221; member_social_links=&#8221;%5B%7B%22social_icon_url%22%3A%22%23%22%2C%22selected_team_icon%22%3A%22fa%20fa-facebook-square%22%7D%5D&#8221; team_member_image=&#8221;1489&#8243; team_member_name=&#8221;GIACOMO Cattin&#8221; demo=&#8221;&#8221;]<span style=\"font-family: arial, helvetica, sans-serif;\"><strong>Competenze:<\/strong><\/span><br \/>\n<span style=\"font-family: arial, helvetica, sans-serif;\">idraulica, HEC RAS, disegno tecnico CAD, GIS, modellazione acustica<\/span>[\/wdo_ult_team][\/vc_column][vc_column width=&#8221;1\/5&#8243;][wdo_ult_team team_member_style=&#8221;style3&#8243; team_member_designation=&#8221;DOTT. IN ARCHITETTURA&#8221; member_social_links=&#8221;%5B%7B%22social_icon_url%22%3A%22%23%22%2C%22selected_team_icon%22%3A%22fa%20fa-facebook-square%22%7D%5D&#8221; team_member_image=&#8221;1490&#8243; team_member_name=&#8221;FRANCESCO Cattin&#8221; demo=&#8221;&#8221;]<\/p>\n<div class=\"description\">\n<p><span style=\"font-family: arial, helvetica, sans-serif;\"><strong>Competenze:<\/strong> disegno tecnico CAD, fotoinserimenti (PS, AI, INDESIGN), BIM\u00a0 \/ Rendering (Revit, Lumion), Stampa 3D (Fusion 360, Bambu Studio)\u00a0<\/span><\/p>\n<\/div>\n<p>[\/wdo_ult_team][\/vc_column][vc_column width=&#8221;1\/5&#8243;][wdo_ult_team team_member_style=&#8221;style3&#8243; team_member_designation=&#8221;PERITO GEOMINERARIO&#8221; member_social_links=&#8221;%5B%7B%22social_icon_url%22%3A%22%23%22%2C%22selected_team_icon%22%3A%22fa%20fa-facebook-square%22%7D%5D&#8221; team_member_image=&#8221;1462&#8243; team_member_name=&#8221;ANNALISABARGIGIA&#8221; demo=&#8221;&#8221;]<strong>Competenze:<\/strong>\u00a0disegno tecnico CAD, GIS[\/wdo_ult_team][\/vc_column][\/vc_row]<\/p>\n<\/div>","protected":false},"excerpt":{"rendered":"<p>[vc_row][vc_column width=&#8221;1\/2&#8243;][vc_single_image image=&#8221;665&#8243; img_size=&#8221;full&#8221; alignment=&#8221;center&#8221; style=&#8221;vc_box_shadow_3d&#8221;][\/vc_column][vc_column width=&#8221;1\/2&#8243;][vc_separator][vc_empty_space height=&#8221;15px&#8221;][vc_column_text]Lo STUDIO GEOLOGICO ASSOCIATO BOSSALINI &amp; CATTIN \u00e8 stato costituito dal 1996 anche se i singoli professionisti esercitavano gi\u00e0 in precedenza la professione singolarmente. Lo studio \u00e8 cosi costituito: BOSSALINI GERMANO, GEOLOGO, nato&#8230;<\/p>\n","protected":false},"author":1,"featured_media":0,"parent":0,"menu_order":0,"comment_status":"closed","ping_status":"closed","template":"","meta":{"footnotes":""},"class_list":["post-11","page","type-page","status-publish","hentry"],"yoast_head":"<!-- This site is optimized with the Yoast SEO plugin v26.3 - https:\/\/yoast.com\/wordpress\/plugins\/seo\/ -->\n<title>Chi siamo - Studio Geologico Associato Bossalini &amp; Cattin<\/title>\n<meta name=\"robots\" content=\"index, follow, max-snippet:-1, max-image-preview:large, max-video-preview:-1\" \/>\n<link rel=\"canonical\" href=\"https:\/\/www.geoasso.net\/studio_geologico_domodossola\/chi-siamo\/\" \/>\n<meta property=\"og:locale\" content=\"it_IT\" \/>\n<meta property=\"og:type\" content=\"article\" \/>\n<meta property=\"og:title\" content=\"Chi siamo - Studio Geologico Associato Bossalini &amp; Cattin\" \/>\n<meta property=\"og:description\" content=\"[vc_row][vc_column width=&#8221;1\/2&#8243;][vc_single_image image=&#8221;665&#8243; img_size=&#8221;full&#8221; alignment=&#8221;center&#8221; style=&#8221;vc_box_shadow_3d&#8221;][\/vc_column][vc_column width=&#8221;1\/2&#8243;][vc_separator][vc_empty_space height=&#8221;15px&#8221;][vc_column_text]Lo STUDIO GEOLOGICO ASSOCIATO BOSSALINI &amp; CATTIN \u00e8 stato costituito dal 1996 anche se i singoli professionisti esercitavano gi\u00e0 in precedenza la professione singolarmente. Lo studio \u00e8 cosi costituito: BOSSALINI GERMANO, GEOLOGO, nato...\" \/>\n<meta property=\"og:url\" content=\"https:\/\/www.geoasso.net\/studio_geologico_domodossola\/chi-siamo\/\" \/>\n<meta property=\"og:site_name\" content=\"Studio Geologico Associato Bossalini &amp; Cattin\" \/>\n<meta property=\"article:modified_time\" content=\"2025-01-28T16:41:25+00:00\" \/>\n<meta name=\"twitter:label1\" content=\"Tempo di lettura stimato\" \/>\n\t<meta name=\"twitter:data1\" content=\"5 minuti\" \/>\n<script type=\"application\/ld+json\" class=\"yoast-schema-graph\">{\"@context\":\"https:\/\/schema.org\",\"@graph\":[{\"@type\":\"WebPage\",\"@id\":\"https:\/\/www.geoasso.net\/studio_geologico_domodossola\/chi-siamo\/\",\"url\":\"https:\/\/www.geoasso.net\/studio_geologico_domodossola\/chi-siamo\/\",\"name\":\"Chi siamo - Studio Geologico Associato Bossalini &amp; Cattin\",\"isPartOf\":{\"@id\":\"https:\/\/www.geoasso.net\/studio_geologico_domodossola\/#website\"},\"datePublished\":\"2014-11-11T11:14:05+00:00\",\"dateModified\":\"2025-01-28T16:41:25+00:00\",\"breadcrumb\":{\"@id\":\"https:\/\/www.geoasso.net\/studio_geologico_domodossola\/chi-siamo\/#breadcrumb\"},\"inLanguage\":\"it-IT\",\"potentialAction\":[{\"@type\":\"ReadAction\",\"target\":[\"https:\/\/www.geoasso.net\/studio_geologico_domodossola\/chi-siamo\/\"]}]},{\"@type\":\"BreadcrumbList\",\"@id\":\"https:\/\/www.geoasso.net\/studio_geologico_domodossola\/chi-siamo\/#breadcrumb\",\"itemListElement\":[{\"@type\":\"ListItem\",\"position\":1,\"name\":\"Home\",\"item\":\"https:\/\/www.geoasso.net\/studio_geologico_domodossola\/\"},{\"@type\":\"ListItem\",\"position\":2,\"name\":\"Chi siamo\"}]},{\"@type\":\"WebSite\",\"@id\":\"https:\/\/www.geoasso.net\/studio_geologico_domodossola\/#website\",\"url\":\"https:\/\/www.geoasso.net\/studio_geologico_domodossola\/\",\"name\":\"Studio Geologico Associato Bossalini &amp; Cattin\",\"description\":\"Studio Geologico Domodossola\",\"potentialAction\":[{\"@type\":\"SearchAction\",\"target\":{\"@type\":\"EntryPoint\",\"urlTemplate\":\"https:\/\/www.geoasso.net\/studio_geologico_domodossola\/?s={search_term_string}\"},\"query-input\":{\"@type\":\"PropertyValueSpecification\",\"valueRequired\":true,\"valueName\":\"search_term_string\"}}],\"inLanguage\":\"it-IT\"}]}<\/script>\n<!-- \/ Yoast SEO plugin. -->","yoast_head_json":{"title":"Chi siamo - Studio Geologico Associato Bossalini &amp; Cattin","robots":{"index":"index","follow":"follow","max-snippet":"max-snippet:-1","max-image-preview":"max-image-preview:large","max-video-preview":"max-video-preview:-1"},"canonical":"https:\/\/www.geoasso.net\/studio_geologico_domodossola\/chi-siamo\/","og_locale":"it_IT","og_type":"article","og_title":"Chi siamo - Studio Geologico Associato Bossalini &amp; Cattin","og_description":"[vc_row][vc_column width=&#8221;1\/2&#8243;][vc_single_image image=&#8221;665&#8243; img_size=&#8221;full&#8221; alignment=&#8221;center&#8221; style=&#8221;vc_box_shadow_3d&#8221;][\/vc_column][vc_column width=&#8221;1\/2&#8243;][vc_separator][vc_empty_space height=&#8221;15px&#8221;][vc_column_text]Lo STUDIO GEOLOGICO ASSOCIATO BOSSALINI &amp; CATTIN \u00e8 stato costituito dal 1996 anche se i singoli professionisti esercitavano gi\u00e0 in precedenza la professione singolarmente. Lo studio \u00e8 cosi costituito: BOSSALINI GERMANO, GEOLOGO, nato...","og_url":"https:\/\/www.geoasso.net\/studio_geologico_domodossola\/chi-siamo\/","og_site_name":"Studio Geologico Associato Bossalini &amp; Cattin","article_modified_time":"2025-01-28T16:41:25+00:00","twitter_misc":{"Tempo di lettura stimato":"5 minuti"},"schema":{"@context":"https:\/\/schema.org","@graph":[{"@type":"WebPage","@id":"https:\/\/www.geoasso.net\/studio_geologico_domodossola\/chi-siamo\/","url":"https:\/\/www.geoasso.net\/studio_geologico_domodossola\/chi-siamo\/","name":"Chi siamo - Studio Geologico Associato Bossalini &amp; Cattin","isPartOf":{"@id":"https:\/\/www.geoasso.net\/studio_geologico_domodossola\/#website"},"datePublished":"2014-11-11T11:14:05+00:00","dateModified":"2025-01-28T16:41:25+00:00","breadcrumb":{"@id":"https:\/\/www.geoasso.net\/studio_geologico_domodossola\/chi-siamo\/#breadcrumb"},"inLanguage":"it-IT","potentialAction":[{"@type":"ReadAction","target":["https:\/\/www.geoasso.net\/studio_geologico_domodossola\/chi-siamo\/"]}]},{"@type":"BreadcrumbList","@id":"https:\/\/www.geoasso.net\/studio_geologico_domodossola\/chi-siamo\/#breadcrumb","itemListElement":[{"@type":"ListItem","position":1,"name":"Home","item":"https:\/\/www.geoasso.net\/studio_geologico_domodossola\/"},{"@type":"ListItem","position":2,"name":"Chi siamo"}]},{"@type":"WebSite","@id":"https:\/\/www.geoasso.net\/studio_geologico_domodossola\/#website","url":"https:\/\/www.geoasso.net\/studio_geologico_domodossola\/","name":"Studio Geologico Associato Bossalini &amp; Cattin","description":"Studio Geologico Domodossola","potentialAction":[{"@type":"SearchAction","target":{"@type":"EntryPoint","urlTemplate":"https:\/\/www.geoasso.net\/studio_geologico_domodossola\/?s={search_term_string}"},"query-input":{"@type":"PropertyValueSpecification","valueRequired":true,"valueName":"search_term_string"}}],"inLanguage":"it-IT"}]}},"_links":{"self":[{"href":"https:\/\/www.geoasso.net\/studio_geologico_domodossola\/wp-json\/wp\/v2\/pages\/11","targetHints":{"allow":["GET"]}}],"collection":[{"href":"https:\/\/www.geoasso.net\/studio_geologico_domodossola\/wp-json\/wp\/v2\/pages"}],"about":[{"href":"https:\/\/www.geoasso.net\/studio_geologico_domodossola\/wp-json\/wp\/v2\/types\/page"}],"author":[{"embeddable":true,"href":"https:\/\/www.geoasso.net\/studio_geologico_domodossola\/wp-json\/wp\/v2\/users\/1"}],"replies":[{"embeddable":true,"href":"https:\/\/www.geoasso.net\/studio_geologico_domodossola\/wp-json\/wp\/v2\/comments?post=11"}],"version-history":[{"count":12,"href":"https:\/\/www.geoasso.net\/studio_geologico_domodossola\/wp-json\/wp\/v2\/pages\/11\/revisions"}],"predecessor-version":[{"id":1506,"href":"https:\/\/www.geoasso.net\/studio_geologico_domodossola\/wp-json\/wp\/v2\/pages\/11\/revisions\/1506"}],"wp:attachment":[{"href":"https:\/\/www.geoasso.net\/studio_geologico_domodossola\/wp-json\/wp\/v2\/media?parent=11"}],"curies":[{"name":"wp","href":"https:\/\/api.w.org\/{rel}","templated":true}]}}